{"id":75,"date":"2020-01-27T08:29:32","date_gmt":"2020-01-27T08:29:32","guid":{"rendered":"https:\/\/demosites.io\/marketing-agency-gb\/?page_id=75"},"modified":"2024-12-30T06:58:00","modified_gmt":"2024-12-30T06:58:00","slug":"contact","status":"publish","type":"page","link":"https:\/\/censanreklam.com\/en\/contact\/","title":{"rendered":"Contact"},"content":{"rendered":"\n<div class=\"wp-block-cover alignfull\" style=\"padding-right:0;padding-left:0;min-height:300px;aspect-ratio:unset;\"><span aria-hidden=\"true\" class=\"wp-block-cover__background has-nv-site-bg-background-color has-background-dim-100 has-background-dim\"><\/span><div class=\"wp-block-cover__inner-container is-layout-flow wp-block-cover-is-layout-flow\">\n<div class=\"wp-block-group\" style=\"padding-right:var(--wp--preset--spacing--30);padding-left:var(--wp--preset--spacing--30)\"><div class=\"wp-block-group__inner-container is-layout-flow wp-block-group-is-layout-flow\">\n<h1 class=\"wp-block-heading has-text-align-left has-neve-text-color-color has-text-color\"><strong><strong>Contact<\/strong><\/strong><\/h1>\n<\/div><\/div>\n<\/div><\/div>\n\n\n\n<div class=\"wp-block-cover alignfull\" style=\"min-height:420px;aspect-ratio:unset;\"><span aria-hidden=\"true\" class=\"wp-block-cover__background has-nv-light-bg-background-color has-background-dim-100 has-background-dim\"><\/span><div class=\"wp-block-cover__inner-container is-layout-flow wp-block-cover-is-layout-flow\">\n<div style=\"height:80px\" aria-hidden=\"true\" class=\"wp-block-spacer\"><\/div>\n\n\n\n<div class=\"wp-block-columns is-layout-flex wp-container-core-columns-is-layout-9d6595d7 wp-block-columns-is-layout-flex\">\n<div class=\"wp-block-column ticss-4ce656f1 is-layout-flow wp-block-column-is-layout-flow\" style=\"padding-right:var(--wp--preset--spacing--30);padding-left:var(--wp--preset--spacing--30)\">\n<div class=\"wp-block-group has-nv-site-bg-background-color has-background\" style=\"border-radius:24px\"><div class=\"wp-block-group__inner-container is-layout-flow wp-block-group-is-layout-flow\">\n<div style=\"height:24px\" aria-hidden=\"true\" class=\"wp-block-spacer\"><\/div>\n\n\n<div class=\"wp-block-image icon-style is-style-default\">\n<figure class=\"aligncenter size-full\"><img loading=\"lazy\" decoding=\"async\" width=\"73\" height=\"72\" src=\"https:\/\/censanreklam.com\/en\/wp-content\/uploads\/2024\/07\/neve-marketing-icon-13.png\" alt=\"\" class=\"wp-image-943\"\/><\/figure>\n<\/div>\n\n\n<p class=\"has-text-align-center has-neve-text-color-color has-text-color\" style=\"font-size:15px\"><\/p>\n\n\n\n<h3 class=\"wp-block-heading has-text-align-center has-neve-text-color-color has-text-color\">Contact<\/h3>\n\n\n\n<p class=\"has-text-align-center has-neve-text-color-color has-text-color\" style=\"font-size:15px\">Telefon : +90 212 324 40 00-01<\/p>\n\n\n\n<p class=\"has-text-align-center has-neve-text-color-color has-text-color\" style=\"font-size:15px\">Faks: +90 212 280 56 75<\/p>\n\n\n\n<p class=\"has-text-align-center has-neve-text-color-color has-text-color\" style=\"font-size:15px\"><\/p>\n\n\n\n<div style=\"height:41px\" aria-hidden=\"true\" class=\"wp-block-spacer\"><\/div>\n<\/div><\/div>\n<\/div>\n\n\n\n<div class=\"wp-block-column ticss-f6fc7494 is-layout-flow wp-block-column-is-layout-flow\" style=\"padding-right:var(--wp--preset--spacing--30);padding-left:var(--wp--preset--spacing--30)\">\n<div class=\"wp-block-group has-nv-site-bg-background-color has-background\" style=\"border-radius:24px\"><div class=\"wp-block-group__inner-container is-layout-flow wp-block-group-is-layout-flow\">\n<div style=\"height:24px\" aria-hidden=\"true\" class=\"wp-block-spacer\"><\/div>\n\n\n<div class=\"wp-block-image icon-style is-style-default\">\n<figure class=\"aligncenter size-full\"><img loading=\"lazy\" decoding=\"async\" width=\"73\" height=\"72\" src=\"https:\/\/censanreklam.com\/en\/wp-content\/uploads\/2024\/07\/neve-marketing-icon-11.png\" alt=\"\" class=\"wp-image-941\"\/><\/figure>\n<\/div>\n\n\n<div style=\"height:24px\" aria-hidden=\"true\" class=\"wp-block-spacer\"><\/div>\n\n\n\n<h3 class=\"wp-block-heading has-text-align-center has-neve-text-color-color has-text-color\">Email<\/h3>\n\n\n\n<p class=\"has-text-align-center has-neve-text-color-color has-text-color\" style=\"font-size:15px\"><a href=\"mailto:info@censanreklam.com\">info@censanreklam.com<\/a><\/p>\n\n\n\n<div style=\"height:177px\" aria-hidden=\"true\" class=\"wp-block-spacer\"><\/div>\n<\/div><\/div>\n<\/div>\n\n\n\n<div class=\"wp-block-column ticss-a5b4df29 is-layout-flow wp-block-column-is-layout-flow\" style=\"padding-right:var(--wp--preset--spacing--30);padding-left:var(--wp--preset--spacing--30)\">\n<div class=\"wp-block-group has-nv-site-bg-background-color has-background\" style=\"border-radius:24px\"><div class=\"wp-block-group__inner-container is-layout-flow wp-block-group-is-layout-flow\">\n<div style=\"height:24px\" aria-hidden=\"true\" class=\"wp-block-spacer\"><\/div>\n\n\n<div class=\"wp-block-image icon-style is-style-default\">\n<figure class=\"aligncenter size-full\"><img loading=\"lazy\" decoding=\"async\" width=\"73\" height=\"72\" src=\"https:\/\/censanreklam.com\/en\/wp-content\/uploads\/2024\/07\/neve-marketing-icon-12.png\" alt=\"\" class=\"wp-image-942\"\/><\/figure>\n<\/div>\n\n\n<div style=\"height:24px\" aria-hidden=\"true\" class=\"wp-block-spacer\"><\/div>\n\n\n\n<h3 class=\"wp-block-heading has-text-align-center has-neve-text-color-color has-text-color\">Office<\/h3>\n\n\n\n<p class=\"has-text-align-center has-neve-text-color-color has-text-color\" style=\"font-size:15px\">Sara\u00e7 \u0130shak Mahallesi, K\u00fc\u00e7\u00fck Haydar Efendi Sokak, No : 11 &nbsp;Demir\u00f6z Center &nbsp;Kat 5 &nbsp;No: 508&nbsp; FAT\u0130H \/ \u0130STANBUL<\/p>\n\n\n\n<div style=\"height:140px\" aria-hidden=\"true\" class=\"wp-block-spacer\"><\/div>\n<\/div><\/div>\n<\/div>\n<\/div>\n\n\n\n<div style=\"height:30px\" aria-hidden=\"true\" class=\"wp-block-spacer\"><\/div>\n<\/div><\/div>\n\n\n\n<div class=\"wp-block-cover alignfull\" style=\"min-height:600px;aspect-ratio:unset;\"><span aria-hidden=\"true\" class=\"wp-block-cover__background has-nv-dark-bg-background-color has-background-dim-100 has-background-dim\"><\/span><div class=\"wp-block-cover__inner-container is-layout-flow wp-block-cover-is-layout-flow\">\n<div class=\"wp-block-group\"><div class=\"wp-block-group__inner-container is-layout-flow wp-block-group-is-layout-flow\">\n<div style=\"height:80px\" aria-hidden=\"true\" class=\"wp-block-spacer\"><\/div>\n\n\n\n<div class=\"wp-block-cover\" style=\"border-radius:24px\"><span aria-hidden=\"true\" class=\"wp-block-cover__background has-neve-link-color-background-color has-background-dim\"><\/span><img loading=\"lazy\" decoding=\"async\" width=\"1168\" height=\"589\" class=\"wp-block-cover__image-background wp-image-1519\" alt=\"\" src=\"https:\/\/censanreklam.com\/en\/wp-content\/uploads\/2024\/12\/6.buton_.kazimali-copy-2.png\" data-object-fit=\"cover\" srcset=\"https:\/\/censanreklam.com\/en\/wp-content\/uploads\/2024\/12\/6.buton_.kazimali-copy-2.png 1168w, https:\/\/censanreklam.com\/en\/wp-content\/uploads\/2024\/12\/6.buton_.kazimali-copy-2-300x151.png 300w, https:\/\/censanreklam.com\/en\/wp-content\/uploads\/2024\/12\/6.buton_.kazimali-copy-2-1024x516.png 1024w, https:\/\/censanreklam.com\/en\/wp-content\/uploads\/2024\/12\/6.buton_.kazimali-copy-2-768x387.png 768w\" sizes=\"auto, (max-width: 1168px) 100vw, 1168px\" \/><div class=\"wp-block-cover__inner-container is-layout-constrained wp-block-cover-is-layout-constrained\">\n<p class=\"has-text-align-center has-large-font-size\"><\/p>\n<\/div><\/div>\n\n\n\n<div style=\"height:40px\" aria-hidden=\"true\" class=\"wp-block-spacer\"><\/div>\n\n\n\n<div class=\"wp-block-columns is-layout-flex wp-container-core-columns-is-layout-9d6595d7 wp-block-columns-is-layout-flex\">\n<div class=\"wp-block-column is-layout-flow wp-block-column-is-layout-flow\" style=\"padding-right:var(--wp--preset--spacing--30);padding-left:var(--wp--preset--spacing--30);flex-basis:50%\">\n<h2 class=\"wp-block-heading has-nv-text-dark-bg-color has-text-color\">Send Us a Message or Visit Us<\/h2>\n\n\n\n<p class=\"has-white-color has-text-color\">Trust in Years of Experience<\/p>\n<\/div>\n\n\n\n<div class=\"wp-block-column is-vertically-aligned-center is-layout-flow wp-block-column-is-layout-flow\" style=\"padding-right:var(--wp--preset--spacing--30);padding-left:var(--wp--preset--spacing--30);flex-basis:50%\">\n<div class=\"wpcf7 no-js\" id=\"wpcf7-f1339-o1\" lang=\"tr-TR\" dir=\"ltr\" data-wpcf7-id=\"1339\">\n<div class=\"screen-reader-response\"><p role=\"status\" aria-live=\"polite\" aria-atomic=\"true\"><\/p> <ul><\/ul><\/div>\n<form action=\"\/en\/wp-json\/wp\/v2\/pages\/75#wpcf7-f1339-o1\" method=\"post\" class=\"wpcf7-form init\" aria-label=\"\u0130leti\u015fim Formu\" novalidate=\"novalidate\" data-status=\"init\">\n<fieldset class=\"hidden-fields-container\"><input type=\"hidden\" name=\"_wpcf7\" value=\"1339\" \/><input type=\"hidden\" name=\"_wpcf7_version\" value=\"6.1.5\" \/><input type=\"hidden\" name=\"_wpcf7_locale\" value=\"tr_TR\" \/><input type=\"hidden\" name=\"_wpcf7_unit_tag\" value=\"wpcf7-f1339-o1\" \/><input type=\"hidden\" name=\"_wpcf7_container_post\" value=\"0\" \/><input type=\"hidden\" name=\"_wpcf7_posted_data_hash\" value=\"\" \/><input type=\"hidden\" name=\"_wpcf7_recaptcha_response\" value=\"\" \/>\n<\/fieldset>\n<p><label> Name<br \/>\n<span class=\"wpcf7-form-control-wrap\" data-name=\"your-name\"><input size=\"40\" maxlength=\"400\" class=\"wpcf7-form-control wpcf7-text wpcf7-validates-as-required\" autocomplete=\"name\" aria-required=\"true\" aria-invalid=\"false\" value=\"\" type=\"text\" name=\"your-name\" \/><\/span> <\/label>\n<\/p>\n<p><label> E-mail<br \/>\n<span class=\"wpcf7-form-control-wrap\" data-name=\"your-email\"><input size=\"40\" maxlength=\"400\" class=\"wpcf7-form-control wpcf7-email wpcf7-validates-as-required wpcf7-text wpcf7-validates-as-email\" autocomplete=\"email\" aria-required=\"true\" aria-invalid=\"false\" value=\"\" type=\"email\" name=\"your-email\" \/><\/span> <\/label>\n<\/p>\n<p><label> Your subject<br \/>\n<span class=\"wpcf7-form-control-wrap\" data-name=\"your-subject\"><input size=\"40\" maxlength=\"400\" class=\"wpcf7-form-control wpcf7-text wpcf7-validates-as-required\" aria-required=\"true\" aria-invalid=\"false\" value=\"\" type=\"text\" name=\"your-subject\" \/><\/span> <\/label>\n<\/p>\n<p><label> Your message (optional)<br \/>\n<span class=\"wpcf7-form-control-wrap\" data-name=\"your-message\"><textarea cols=\"40\" rows=\"10\" maxlength=\"2000\" class=\"wpcf7-form-control wpcf7-textarea\" aria-invalid=\"false\" name=\"your-message\"><\/textarea><\/span> <\/label><br \/>\n<span class=\"wpcf7-form-control-wrap recaptcha\" data-name=\"recaptcha\"><span data-sitekey=\"6Ldg_OgqAAAAADGSV544YgfboF1l7vU6DMskHvzl\" class=\"wpcf7-form-control wpcf7-recaptcha g-recaptcha\"><\/span>\r\n<noscript>\r\n\t<div class=\"grecaptcha-noscript\">\r\n\t\t<iframe loading=\"lazy\" src=\"https:\/\/www.google.com\/recaptcha\/api\/fallback?k=6Ldg_OgqAAAAADGSV544YgfboF1l7vU6DMskHvzl\" frameborder=\"0\" scrolling=\"no\" width=\"310\" height=\"430\">\r\n\t\t<\/iframe>\r\n\t\t<textarea name=\"g-recaptcha-response\" rows=\"3\" cols=\"40\" placeholder=\"reCaptcha Response Here\">\r\n\t\t<\/textarea>\r\n\t<\/div>\r\n<\/noscript>\r\n<\/span><br \/>\n<input class=\"wpcf7-form-control wpcf7-submit has-spinner\" type=\"submit\" value=\"Send\" \/>\n<\/p><p style=\"display: none !important;\" class=\"akismet-fields-container\" data-prefix=\"_wpcf7_ak_\"><label>&#916;<textarea name=\"_wpcf7_ak_hp_textarea\" cols=\"45\" rows=\"8\" maxlength=\"100\"><\/textarea><\/label><input type=\"hidden\" id=\"ak_js_1\" name=\"_wpcf7_ak_js\" value=\"86\"\/><script>document.getElementById( \"ak_js_1\" ).setAttribute( \"value\", ( new Date() ).getTime() );<\/script><\/p><div class=\"wpcf7-response-output\" aria-hidden=\"true\"><\/div>\n<\/form>\n<\/div>\n\n<\/div>\n<\/div>\n<\/div><\/div>\n<\/div><\/div>\n\n\n\n<p><\/p>\n","protected":false},"excerpt":{"rendered":"","protected":false},"author":1,"featured_media":0,"parent":0,"menu_order":0,"comment_status":"closed","ping_status":"closed","template":"","meta":{"neve_meta_sidebar":"default","neve_meta_container":"","neve_meta_enable_content_width":"on","neve_meta_content_width":100,"neve_meta_title_alignment":"","neve_meta_author_avatar":"","neve_post_elements_order":"","neve_meta_disable_header":"","neve_meta_disable_footer":"","neve_meta_disable_title":"on","neve_meta_reading_time":"","_themeisle_gutenberg_block_has_review":false,"footnotes":""},"class_list":["post-75","page","type-page","status-publish","hentry"],"yoast_head":"<!-- This site is optimized with the Yoast SEO plugin v27.2 - https:\/\/yoast.com\/product\/yoast-seo-wordpress\/ -->\n<title>Contact - Censanreklam<\/title>\n<meta name=\"description\" content=\"Send Us a Message or Visit Us Email phone Contact\" \/>\n<meta name=\"robots\" content=\"index, follow, max-snippet:-1, max-image-preview:large, max-video-preview:-1\" \/>\n<link rel=\"canonical\" href=\"https:\/\/censanreklam.com\/en\/contact\/\" \/>\n<meta property=\"og:locale\" content=\"en_GB\" \/>\n<meta property=\"og:type\" content=\"article\" \/>\n<meta property=\"og:title\" content=\"Contact - Censanreklam\" \/>\n<meta property=\"og:description\" content=\"Send Us a Message or Visit Us Email phone Contact\" \/>\n<meta property=\"og:url\" content=\"https:\/\/censanreklam.com\/en\/contact\/\" \/>\n<meta property=\"og:site_name\" content=\"Censanreklam\" \/>\n<meta property=\"article:modified_time\" content=\"2024-12-30T06:58:00+00:00\" \/>\n<meta property=\"og:image\" content=\"https:\/\/censanreklam.com\/en\/wp-content\/uploads\/2024\/07\/neve-marketing-icon-13.png\" \/>\n\t<meta property=\"og:image:width\" content=\"73\" \/>\n\t<meta property=\"og:image:height\" content=\"72\" \/>\n\t<meta property=\"og:image:type\" content=\"image\/png\" \/>\n<meta name=\"twitter:card\" content=\"summary_large_image\" \/>\n<meta name=\"twitter:label1\" content=\"Estimated reading time\" \/>\n\t<meta name=\"twitter:data1\" content=\"2 minutes\" \/>\n<script type=\"application\/ld+json\" class=\"yoast-schema-graph\">{\"@context\":\"https:\/\/schema.org\",\"@graph\":[{\"@type\":\"WebPage\",\"@id\":\"https:\/\/censanreklam.com\/en\/contact\/\",\"url\":\"https:\/\/censanreklam.com\/en\/contact\/\",\"name\":\"Contact - Censanreklam\",\"isPartOf\":{\"@id\":\"https:\/\/censanreklam.com\/en\/#website\"},\"primaryImageOfPage\":{\"@id\":\"https:\/\/censanreklam.com\/en\/contact\/#primaryimage\"},\"image\":{\"@id\":\"https:\/\/censanreklam.com\/en\/contact\/#primaryimage\"},\"thumbnailUrl\":\"https:\/\/censanreklam.com\/en\/wp-content\/uploads\/2024\/07\/neve-marketing-icon-13.png\",\"datePublished\":\"2020-01-27T08:29:32+00:00\",\"dateModified\":\"2024-12-30T06:58:00+00:00\",\"description\":\"Send Us a Message or Visit Us Email phone Contact\",\"breadcrumb\":{\"@id\":\"https:\/\/censanreklam.com\/en\/contact\/#breadcrumb\"},\"inLanguage\":\"en-GB\",\"potentialAction\":[{\"@type\":\"ReadAction\",\"target\":[\"https:\/\/censanreklam.com\/en\/contact\/\"]}]},{\"@type\":\"ImageObject\",\"inLanguage\":\"en-GB\",\"@id\":\"https:\/\/censanreklam.com\/en\/contact\/#primaryimage\",\"url\":\"https:\/\/censanreklam.com\/en\/wp-content\/uploads\/2024\/07\/neve-marketing-icon-13.png\",\"contentUrl\":\"https:\/\/censanreklam.com\/en\/wp-content\/uploads\/2024\/07\/neve-marketing-icon-13.png\",\"width\":73,\"height\":72},{\"@type\":\"BreadcrumbList\",\"@id\":\"https:\/\/censanreklam.com\/en\/contact\/#breadcrumb\",\"itemListElement\":[{\"@type\":\"ListItem\",\"position\":1,\"name\":\"Anasayfa\",\"item\":\"https:\/\/censanreklam.com\/en\/\"},{\"@type\":\"ListItem\",\"position\":2,\"name\":\"Contact\"}]},{\"@type\":\"WebSite\",\"@id\":\"https:\/\/censanreklam.com\/en\/#website\",\"url\":\"https:\/\/censanreklam.com\/en\/\",\"name\":\"Censanreklam\",\"description\":\"Y\u0131llar\u0131n Deneyimiyle G\u00fc\u00e7lu ve Karal\u0131\",\"publisher\":{\"@id\":\"https:\/\/censanreklam.com\/en\/#organization\"},\"potentialAction\":[{\"@type\":\"SearchAction\",\"target\":{\"@type\":\"EntryPoint\",\"urlTemplate\":\"https:\/\/censanreklam.com\/en\/?s={search_term_string}\"},\"query-input\":{\"@type\":\"PropertyValueSpecification\",\"valueRequired\":true,\"valueName\":\"search_term_string\"}}],\"inLanguage\":\"en-GB\"},{\"@type\":\"Organization\",\"@id\":\"https:\/\/censanreklam.com\/en\/#organization\",\"name\":\"Censanreklam\",\"url\":\"https:\/\/censanreklam.com\/en\/\",\"logo\":{\"@type\":\"ImageObject\",\"inLanguage\":\"en-GB\",\"@id\":\"https:\/\/censanreklam.com\/en\/#\/schema\/logo\/image\/\",\"url\":\"https:\/\/censanreklam.com\/en\/wp-content\/uploads\/2024\/11\/censan.png\",\"contentUrl\":\"https:\/\/censanreklam.com\/en\/wp-content\/uploads\/2024\/11\/censan.png\",\"width\":697,\"height\":213,\"caption\":\"Censanreklam\"},\"image\":{\"@id\":\"https:\/\/censanreklam.com\/en\/#\/schema\/logo\/image\/\"}}]}<\/script>\n<!-- \/ Yoast SEO plugin. -->","yoast_head_json":{"title":"Contact - Censanreklam","description":"Send Us a Message or Visit Us Email phone Contact","robots":{"index":"index","follow":"follow","max-snippet":"max-snippet:-1","max-image-preview":"max-image-preview:large","max-video-preview":"max-video-preview:-1"},"canonical":"https:\/\/censanreklam.com\/en\/contact\/","og_locale":"en_GB","og_type":"article","og_title":"Contact - Censanreklam","og_description":"Send Us a Message or Visit Us Email phone Contact","og_url":"https:\/\/censanreklam.com\/en\/contact\/","og_site_name":"Censanreklam","article_modified_time":"2024-12-30T06:58:00+00:00","og_image":[{"width":73,"height":72,"url":"https:\/\/censanreklam.com\/en\/wp-content\/uploads\/2024\/07\/neve-marketing-icon-13.png","type":"image\/png"}],"twitter_card":"summary_large_image","twitter_misc":{"Estimated reading time":"2 minutes"},"schema":{"@context":"https:\/\/schema.org","@graph":[{"@type":"WebPage","@id":"https:\/\/censanreklam.com\/en\/contact\/","url":"https:\/\/censanreklam.com\/en\/contact\/","name":"Contact - Censanreklam","isPartOf":{"@id":"https:\/\/censanreklam.com\/en\/#website"},"primaryImageOfPage":{"@id":"https:\/\/censanreklam.com\/en\/contact\/#primaryimage"},"image":{"@id":"https:\/\/censanreklam.com\/en\/contact\/#primaryimage"},"thumbnailUrl":"https:\/\/censanreklam.com\/en\/wp-content\/uploads\/2024\/07\/neve-marketing-icon-13.png","datePublished":"2020-01-27T08:29:32+00:00","dateModified":"2024-12-30T06:58:00+00:00","description":"Send Us a Message or Visit Us Email phone Contact","breadcrumb":{"@id":"https:\/\/censanreklam.com\/en\/contact\/#breadcrumb"},"inLanguage":"en-GB","potentialAction":[{"@type":"ReadAction","target":["https:\/\/censanreklam.com\/en\/contact\/"]}]},{"@type":"ImageObject","inLanguage":"en-GB","@id":"https:\/\/censanreklam.com\/en\/contact\/#primaryimage","url":"https:\/\/censanreklam.com\/en\/wp-content\/uploads\/2024\/07\/neve-marketing-icon-13.png","contentUrl":"https:\/\/censanreklam.com\/en\/wp-content\/uploads\/2024\/07\/neve-marketing-icon-13.png","width":73,"height":72},{"@type":"BreadcrumbList","@id":"https:\/\/censanreklam.com\/en\/contact\/#breadcrumb","itemListElement":[{"@type":"ListItem","position":1,"name":"Anasayfa","item":"https:\/\/censanreklam.com\/en\/"},{"@type":"ListItem","position":2,"name":"Contact"}]},{"@type":"WebSite","@id":"https:\/\/censanreklam.com\/en\/#website","url":"https:\/\/censanreklam.com\/en\/","name":"Censanreklam","description":"Y\u0131llar\u0131n Deneyimiyle G\u00fc\u00e7lu ve Karal\u0131","publisher":{"@id":"https:\/\/censanreklam.com\/en\/#organization"},"potentialAction":[{"@type":"SearchAction","target":{"@type":"EntryPoint","urlTemplate":"https:\/\/censanreklam.com\/en\/?s={search_term_string}"},"query-input":{"@type":"PropertyValueSpecification","valueRequired":true,"valueName":"search_term_string"}}],"inLanguage":"en-GB"},{"@type":"Organization","@id":"https:\/\/censanreklam.com\/en\/#organization","name":"Censanreklam","url":"https:\/\/censanreklam.com\/en\/","logo":{"@type":"ImageObject","inLanguage":"en-GB","@id":"https:\/\/censanreklam.com\/en\/#\/schema\/logo\/image\/","url":"https:\/\/censanreklam.com\/en\/wp-content\/uploads\/2024\/11\/censan.png","contentUrl":"https:\/\/censanreklam.com\/en\/wp-content\/uploads\/2024\/11\/censan.png","width":697,"height":213,"caption":"Censanreklam"},"image":{"@id":"https:\/\/censanreklam.com\/en\/#\/schema\/logo\/image\/"}}]}},"jetpack_sharing_enabled":true,"_links":{"self":[{"href":"https:\/\/censanreklam.com\/en\/wp-json\/wp\/v2\/pages\/75","targetHints":{"allow":["GET"]}}],"collection":[{"href":"https:\/\/censanreklam.com\/en\/wp-json\/wp\/v2\/pages"}],"about":[{"href":"https:\/\/censanreklam.com\/en\/wp-json\/wp\/v2\/types\/page"}],"author":[{"embeddable":true,"href":"https:\/\/censanreklam.com\/en\/wp-json\/wp\/v2\/users\/1"}],"replies":[{"embeddable":true,"href":"https:\/\/censanreklam.com\/en\/wp-json\/wp\/v2\/comments?post=75"}],"version-history":[{"count":11,"href":"https:\/\/censanreklam.com\/en\/wp-json\/wp\/v2\/pages\/75\/revisions"}],"predecessor-version":[{"id":1653,"href":"https:\/\/censanreklam.com\/en\/wp-json\/wp\/v2\/pages\/75\/revisions\/1653"}],"wp:attachment":[{"href":"https:\/\/censanreklam.com\/en\/wp-json\/wp\/v2\/media?parent=75"}],"curies":[{"name":"wp","href":"https:\/\/api.w.org\/{rel}","templated":true}]}}