{"id":1326,"date":"2024-12-06T04:01:37","date_gmt":"2024-12-06T04:01:37","guid":{"rendered":"https:\/\/censanreklam.com\/en\/?page_id=1326"},"modified":"2025-01-20T09:33:18","modified_gmt":"2025-01-20T09:33:18","slug":"references","status":"publish","type":"page","link":"https:\/\/censanreklam.com\/en\/references\/","title":{"rendered":"References"},"content":{"rendered":"\n<div class=\"wp-block-columns is-layout-flex wp-container-core-columns-is-layout-9d6595d7 wp-block-columns-is-layout-flex\">\n<div class=\"wp-block-column is-layout-flow wp-block-column-is-layout-flow\">\n<figure class=\"wp-block-image size-large is-resized\"><img loading=\"lazy\" decoding=\"async\" width=\"1024\" height=\"512\" src=\"https:\/\/censanreklam.com\/en\/wp-content\/uploads\/2024\/12\/referances-1024x512.png\" alt=\"\" class=\"wp-image-1649\" style=\"width:1170px;height:auto\" srcset=\"https:\/\/censanreklam.com\/en\/wp-content\/uploads\/2024\/12\/referances-1024x512.png 1024w, https:\/\/censanreklam.com\/en\/wp-content\/uploads\/2024\/12\/referances-300x150.png 300w, https:\/\/censanreklam.com\/en\/wp-content\/uploads\/2024\/12\/referances-768x384.png 768w, https:\/\/censanreklam.com\/en\/wp-content\/uploads\/2024\/12\/referances.png 1191w\" sizes=\"auto, (max-width: 1024px) 100vw, 1024px\" \/><\/figure>\n<\/div>\n<\/div>\n\n\n\n<div class=\"wp-block-columns is-layout-flex wp-container-core-columns-is-layout-9d6595d7 wp-block-columns-is-layout-flex\">\n<div class=\"wp-block-column is-layout-flow wp-block-column-is-layout-flow\">\n<ul class=\"wp-block-list\">\n<li><strong>A Few of Our International References<\/strong><\/li>\n\n\n\n<li>Philipp Morris<\/li>\n\n\n\n<li>Camel<\/li>\n\n\n\n<li>Visa Card<\/li>\n\n\n\n<li>Master Card<\/li>\n\n\n\n<li>Renault<\/li>\n\n\n\n<li>Milde Sorte<\/li>\n\n\n\n<li><strong>Quelques-unes de nos r\u00e9f\u00e9rences nationales<\/strong><\/li>\n\n\n\n<li><strong>Banques<\/strong><\/li>\n\n\n\n<li>T\u00fcrkiye \u0130\u015f Bankas\u0131<\/li>\n\n\n\n<li>T\u00fcrkiye Garanti Bankas\u0131<\/li>\n\n\n\n<li>Finans Bank<\/li>\n\n\n\n<li>Yap\u0131 Kredi Bankas\u0131<\/li>\n\n\n\n<li>Ko\u00e7 Bank<\/li>\n\n\n\n<li>Ak Bank<\/li>\n\n\n\n<li>Hsbc Bak<\/li>\n\n\n\n<li>Anadolu Finans<\/li>\n\n\n\n<li>Citi Bank<\/li>\n\n\n\n<li>Ya\u015far Bank<\/li>\n\n\n\n<li><strong>Others<\/strong><\/li>\n\n\n\n<li>Sarar<\/li>\n\n\n\n<li>Duru<\/li>\n\n\n\n<li>K\u00fctahya Porselen<\/li>\n\n\n\n<li>Sony Ericsson<\/li>\n\n\n\n<li>ABB<\/li>\n\n\n\n<li>Sanset<\/li>\n\n\n\n<li>Telsim<\/li>\n\n\n\n<li>Turkcell<\/li>\n<\/ul>\n<\/div>\n\n\n\n<div class=\"wp-block-column is-layout-flow wp-block-column-is-layout-flow\">\n<ul class=\"wp-block-list\">\n<li><strong>Hotels<\/strong><\/li>\n\n\n\n<li>Dedeman Hotels &amp; Resorts Internationa<\/li>\n\n\n\n<li>Antalya Falez Hotel<\/li>\n\n\n\n<li>\u0130stanbul Shreoten Hotels<\/li>\n\n\n\n<li>Mersin Hilton<\/li>\n\n\n\n<li>Swiss Hotels<\/li>\n\n\n\n<li>The Marmara Hotels<\/li>\n\n\n\n<li>M\u00f6venbick Hotels<\/li>\n\n\n\n<li><strong>Others<\/strong><\/li>\n\n\n\n<li>Temsa<\/li>\n\n\n\n<li>Enka<\/li>\n\n\n\n<li>\u0130stikbal<\/li>\n\n\n\n<li>Bellona<\/li>\n\n\n\n<li>Yata\u015f<\/li>\n\n\n\n<li>Kristal zeytin ya\u011flar\u0131<\/li>\n\n\n\n<li>Aksa Jenerat\u00f6r<\/li>\n\n\n\n<li>Abdio\u011fullar\u0131<\/li>\n\n\n\n<li>Delta Petrol<\/li>\n\n\n\n<li>Chevrolet<\/li>\n\n\n\n<li>Alfa romeo<\/li>\n\n\n\n<li>Pegasus Group<\/li>\n\n\n\n<li>Ak\u00e7ansa<\/li>\n\n\n\n<li>Schneider Electiric<\/li>\n\n\n\n<li>Sabri \u00d6zel<\/li>\n\n\n\n<li>Marks&amp;Spencer<\/li>\n\n\n\n<li>G.A.P<\/li>\n<\/ul>\n<\/div>\n<\/div>\n\n\n\n<p class=\"has-nv-site-bg-color has-text-color has-link-color wp-elements-5e83a25149c26302617d1a0ba7b6fa6b\" style=\"font-size:1px\">censan<\/p>\n\n\n\n<p><\/p>\n","protected":false},"excerpt":{"rendered":"<p>censan<\/p>\n","protected":false},"author":1,"featured_media":0,"parent":0,"menu_order":0,"comment_status":"closed","ping_status":"closed","template":"","meta":{"neve_meta_sidebar":"","neve_meta_container":"","neve_meta_enable_content_width":"","neve_meta_content_width":0,"neve_meta_title_alignment":"","neve_meta_author_avatar":"","neve_post_elements_order":"","neve_meta_disable_header":"","neve_meta_disable_footer":"","neve_meta_disable_title":"","neve_meta_reading_time":"","_themeisle_gutenberg_block_has_review":false,"footnotes":""},"class_list":["post-1326","page","type-page","status-publish","hentry"],"yoast_head":"<!-- This site is optimized with the Yoast SEO plugin v27.2 - https:\/\/yoast.com\/product\/yoast-seo-wordpress\/ -->\n<title>References - Censanreklam<\/title>\n<meta name=\"description\" content=\"MORE THAN 500 NATIONAL and INTERNATIONAL COMPANIES are WORKING WITH 1979Migros telecel METRO Tesisat \u0130kea Ar\u00e7elikSheraton Yurti\u00e7i Cargo YKM Turkcell Turkish Airlines TitanicZorlu Grand Hotel \u015eok SunExpress \u00c7evir T\u00fcrkiye \u0130\u015f Bankas\u0131 WindOpet Boyner Medical Park Bazaar Store fit Yap\u0131 KrediYarg\u0131c\u0131 Ramstore Garanti LC Waikiki Chico KogKia Michelin Komili Jeep K\u0131\u011f\u0131l\u0131 H\u00fcrriyetfacebook T Tunisian Telecom damat D&amp;R Conrad Hotels &amp; Resort Electro WorldBETA Sarar Flormar be\u011fendik cinematixAllianz Aksa \u00c7a\u011fda\u015f Aygaz Beymen vodafone Amerikan HastanesiAhlatc\u0131lar AKSigorta Volvo Digit\u00fcrk Borusan PirelliRamada Woolz Ted Levi&#039;s FinansbankGAP Anek Lines HDI Medline CliniqueF\u0130BA Group Park Bravo gencallar DockersMercedes-Benz Marks &amp; Spencer Sinpa\u015f \u0130pekyolSetur TWIST Groseri Nokia\u0130stanbul Bilgi \u00dcniversitesi Ford varan A Few of Our International ReferencesPhilipp MorrisCamelVisa CardMaster CardRenaultMilde SorteQuelques-unes de nos r\u00e9f\u00e9rences nationalesBanquesT\u00fcrkiye \u0130\u015f Bankas\u0131T\u00fcrkiye Garanti Bankas\u0131Finans BankYap\u0131 Kredi Bankas\u0131Ko\u00e7 BankAk BankHsbc BakAnadolu FinansCiti BankYa\u015far BankOthersSararDuruK\u00fctahya PorselenSony EricssonABBSansetTelsimTurkcellHotelsDedeman Hotels &amp; Resorts InternationaAntalya Falez Hotel\u0130stanbul Shreoten HotelsMersin HiltonSwiss HotelsThe Marmara HotelsM\u00f6venbick HotelsOthersTemsaEnka\u0130stikbalBellonaYata\u015fKristal zeytin ya\u011flar\u0131Aksa Jenerat\u00f6rAbdio\u011fullar\u0131Delta PetrolChevroletAlfa romeoPegasus GroupAk\u00e7ansaSchneider ElectiricSabri \u00d6zelMarks&amp;SpencerG.A.P\" \/>\n<meta name=\"robots\" content=\"index, follow, max-snippet:-1, max-image-preview:large, max-video-preview:-1\" \/>\n<link rel=\"canonical\" href=\"https:\/\/censanreklam.com\/en\/references\/\" \/>\n<meta property=\"og:locale\" content=\"en_GB\" \/>\n<meta property=\"og:type\" content=\"article\" \/>\n<meta property=\"og:title\" content=\"References - Censanreklam\" \/>\n<meta property=\"og:description\" content=\"MORE THAN 500 NATIONAL and INTERNATIONAL COMPANIES are WORKING WITH 1979Migros telecel METRO Tesisat \u0130kea Ar\u00e7elikSheraton Yurti\u00e7i Cargo YKM Turkcell Turkish Airlines TitanicZorlu Grand Hotel \u015eok SunExpress \u00c7evir T\u00fcrkiye \u0130\u015f Bankas\u0131 WindOpet Boyner Medical Park Bazaar Store fit Yap\u0131 KrediYarg\u0131c\u0131 Ramstore Garanti LC Waikiki Chico KogKia Michelin Komili Jeep K\u0131\u011f\u0131l\u0131 H\u00fcrriyetfacebook T Tunisian Telecom damat D&amp;R Conrad Hotels &amp; Resort Electro WorldBETA Sarar Flormar be\u011fendik cinematixAllianz Aksa \u00c7a\u011fda\u015f Aygaz Beymen vodafone Amerikan HastanesiAhlatc\u0131lar AKSigorta Volvo Digit\u00fcrk Borusan PirelliRamada Woolz Ted Levi&#039;s FinansbankGAP Anek Lines HDI Medline CliniqueF\u0130BA Group Park Bravo gencallar DockersMercedes-Benz Marks &amp; Spencer Sinpa\u015f \u0130pekyolSetur TWIST Groseri Nokia\u0130stanbul Bilgi \u00dcniversitesi Ford varan A Few of Our International ReferencesPhilipp MorrisCamelVisa CardMaster CardRenaultMilde SorteQuelques-unes de nos r\u00e9f\u00e9rences nationalesBanquesT\u00fcrkiye \u0130\u015f Bankas\u0131T\u00fcrkiye Garanti Bankas\u0131Finans BankYap\u0131 Kredi Bankas\u0131Ko\u00e7 BankAk BankHsbc BakAnadolu FinansCiti BankYa\u015far BankOthersSararDuruK\u00fctahya PorselenSony EricssonABBSansetTelsimTurkcellHotelsDedeman Hotels &amp; Resorts InternationaAntalya Falez Hotel\u0130stanbul Shreoten HotelsMersin HiltonSwiss HotelsThe Marmara HotelsM\u00f6venbick HotelsOthersTemsaEnka\u0130stikbalBellonaYata\u015fKristal zeytin ya\u011flar\u0131Aksa Jenerat\u00f6rAbdio\u011fullar\u0131Delta PetrolChevroletAlfa romeoPegasus GroupAk\u00e7ansaSchneider ElectiricSabri \u00d6zelMarks&amp;SpencerG.A.P\" \/>\n<meta property=\"og:url\" content=\"https:\/\/censanreklam.com\/en\/references\/\" \/>\n<meta property=\"og:site_name\" content=\"Censanreklam\" \/>\n<meta property=\"article:modified_time\" content=\"2025-01-20T09:33:18+00:00\" \/>\n<meta property=\"og:image\" content=\"https:\/\/censanreklam.com\/en\/wp-content\/uploads\/2024\/12\/referances.png\" \/>\n\t<meta property=\"og:image:width\" content=\"1191\" \/>\n\t<meta property=\"og:image:height\" content=\"595\" \/>\n\t<meta property=\"og:image:type\" content=\"image\/png\" \/>\n<meta name=\"twitter:card\" content=\"summary_large_image\" \/>\n<meta name=\"twitter:label1\" content=\"Estimated reading time\" \/>\n\t<meta name=\"twitter:data1\" content=\"1 minute\" \/>\n<script type=\"application\/ld+json\" class=\"yoast-schema-graph\">{\"@context\":\"https:\/\/schema.org\",\"@graph\":[{\"@type\":\"WebPage\",\"@id\":\"https:\/\/censanreklam.com\/en\/references\/\",\"url\":\"https:\/\/censanreklam.com\/en\/references\/\",\"name\":\"References - Censanreklam\",\"isPartOf\":{\"@id\":\"https:\/\/censanreklam.com\/en\/#website\"},\"primaryImageOfPage\":{\"@id\":\"https:\/\/censanreklam.com\/en\/references\/#primaryimage\"},\"image\":{\"@id\":\"https:\/\/censanreklam.com\/en\/references\/#primaryimage\"},\"thumbnailUrl\":\"https:\/\/censanreklam.com\/en\/wp-content\/uploads\/2024\/12\/referances-1024x512.png\",\"datePublished\":\"2024-12-06T04:01:37+00:00\",\"dateModified\":\"2025-01-20T09:33:18+00:00\",\"description\":\"MORE THAN 500 NATIONAL and INTERNATIONAL COMPANIES are WORKING WITH 1979Migros telecel METRO Tesisat \u0130kea Ar\u00e7elikSheraton Yurti\u00e7i Cargo YKM Turkcell Turkish Airlines TitanicZorlu Grand Hotel \u015eok SunExpress \u00c7evir T\u00fcrkiye \u0130\u015f Bankas\u0131 WindOpet Boyner Medical Park Bazaar Store fit Yap\u0131 KrediYarg\u0131c\u0131 Ramstore Garanti LC Waikiki Chico KogKia Michelin Komili Jeep K\u0131\u011f\u0131l\u0131 H\u00fcrriyetfacebook T Tunisian Telecom damat D&R Conrad Hotels & Resort Electro WorldBETA Sarar Flormar be\u011fendik cinematixAllianz Aksa \u00c7a\u011fda\u015f Aygaz Beymen vodafone Amerikan HastanesiAhlatc\u0131lar AKSigorta Volvo Digit\u00fcrk Borusan PirelliRamada Woolz Ted Levi's FinansbankGAP Anek Lines HDI Medline CliniqueF\u0130BA Group Park Bravo gencallar DockersMercedes-Benz Marks & Spencer Sinpa\u015f \u0130pekyolSetur TWIST Groseri Nokia\u0130stanbul Bilgi \u00dcniversitesi Ford varan A Few of Our International ReferencesPhilipp MorrisCamelVisa CardMaster CardRenaultMilde SorteQuelques-unes de nos r\u00e9f\u00e9rences nationalesBanquesT\u00fcrkiye \u0130\u015f Bankas\u0131T\u00fcrkiye Garanti Bankas\u0131Finans BankYap\u0131 Kredi Bankas\u0131Ko\u00e7 BankAk BankHsbc BakAnadolu FinansCiti BankYa\u015far BankOthersSararDuruK\u00fctahya PorselenSony EricssonABBSansetTelsimTurkcellHotelsDedeman Hotels & Resorts InternationaAntalya Falez Hotel\u0130stanbul Shreoten HotelsMersin HiltonSwiss HotelsThe Marmara HotelsM\u00f6venbick HotelsOthersTemsaEnka\u0130stikbalBellonaYata\u015fKristal zeytin ya\u011flar\u0131Aksa Jenerat\u00f6rAbdio\u011fullar\u0131Delta PetrolChevroletAlfa romeoPegasus GroupAk\u00e7ansaSchneider ElectiricSabri \u00d6zelMarks&SpencerG.A.P\",\"breadcrumb\":{\"@id\":\"https:\/\/censanreklam.com\/en\/references\/#breadcrumb\"},\"inLanguage\":\"en-GB\",\"potentialAction\":[{\"@type\":\"ReadAction\",\"target\":[\"https:\/\/censanreklam.com\/en\/references\/\"]}]},{\"@type\":\"ImageObject\",\"inLanguage\":\"en-GB\",\"@id\":\"https:\/\/censanreklam.com\/en\/references\/#primaryimage\",\"url\":\"https:\/\/censanreklam.com\/en\/wp-content\/uploads\/2024\/12\/referances.png\",\"contentUrl\":\"https:\/\/censanreklam.com\/en\/wp-content\/uploads\/2024\/12\/referances.png\",\"width\":1191,\"height\":595},{\"@type\":\"BreadcrumbList\",\"@id\":\"https:\/\/censanreklam.com\/en\/references\/#breadcrumb\",\"itemListElement\":[{\"@type\":\"ListItem\",\"position\":1,\"name\":\"Anasayfa\",\"item\":\"https:\/\/censanreklam.com\/en\/\"},{\"@type\":\"ListItem\",\"position\":2,\"name\":\"References\"}]},{\"@type\":\"WebSite\",\"@id\":\"https:\/\/censanreklam.com\/en\/#website\",\"url\":\"https:\/\/censanreklam.com\/en\/\",\"name\":\"Censanreklam\",\"description\":\"Y\u0131llar\u0131n Deneyimiyle G\u00fc\u00e7lu ve Karal\u0131\",\"publisher\":{\"@id\":\"https:\/\/censanreklam.com\/en\/#organization\"},\"potentialAction\":[{\"@type\":\"SearchAction\",\"target\":{\"@type\":\"EntryPoint\",\"urlTemplate\":\"https:\/\/censanreklam.com\/en\/?s={search_term_string}\"},\"query-input\":{\"@type\":\"PropertyValueSpecification\",\"valueRequired\":true,\"valueName\":\"search_term_string\"}}],\"inLanguage\":\"en-GB\"},{\"@type\":\"Organization\",\"@id\":\"https:\/\/censanreklam.com\/en\/#organization\",\"name\":\"Censanreklam\",\"url\":\"https:\/\/censanreklam.com\/en\/\",\"logo\":{\"@type\":\"ImageObject\",\"inLanguage\":\"en-GB\",\"@id\":\"https:\/\/censanreklam.com\/en\/#\/schema\/logo\/image\/\",\"url\":\"https:\/\/censanreklam.com\/en\/wp-content\/uploads\/2024\/11\/censan.png\",\"contentUrl\":\"https:\/\/censanreklam.com\/en\/wp-content\/uploads\/2024\/11\/censan.png\",\"width\":697,\"height\":213,\"caption\":\"Censanreklam\"},\"image\":{\"@id\":\"https:\/\/censanreklam.com\/en\/#\/schema\/logo\/image\/\"}}]}<\/script>\n<!-- \/ Yoast SEO plugin. -->","yoast_head_json":{"title":"References - Censanreklam","description":"MORE THAN 500 NATIONAL and INTERNATIONAL COMPANIES are WORKING WITH 1979Migros telecel METRO Tesisat \u0130kea Ar\u00e7elikSheraton Yurti\u00e7i Cargo YKM Turkcell Turkish Airlines TitanicZorlu Grand Hotel \u015eok SunExpress \u00c7evir T\u00fcrkiye \u0130\u015f Bankas\u0131 WindOpet Boyner Medical Park Bazaar Store fit Yap\u0131 KrediYarg\u0131c\u0131 Ramstore Garanti LC Waikiki Chico KogKia Michelin Komili Jeep K\u0131\u011f\u0131l\u0131 H\u00fcrriyetfacebook T Tunisian Telecom damat D&R Conrad Hotels & Resort Electro WorldBETA Sarar Flormar be\u011fendik cinematixAllianz Aksa \u00c7a\u011fda\u015f Aygaz Beymen vodafone Amerikan HastanesiAhlatc\u0131lar AKSigorta Volvo Digit\u00fcrk Borusan PirelliRamada Woolz Ted Levi's FinansbankGAP Anek Lines HDI Medline CliniqueF\u0130BA Group Park Bravo gencallar DockersMercedes-Benz Marks & Spencer Sinpa\u015f \u0130pekyolSetur TWIST Groseri Nokia\u0130stanbul Bilgi \u00dcniversitesi Ford varan A Few of Our International ReferencesPhilipp MorrisCamelVisa CardMaster CardRenaultMilde SorteQuelques-unes de nos r\u00e9f\u00e9rences nationalesBanquesT\u00fcrkiye \u0130\u015f Bankas\u0131T\u00fcrkiye Garanti Bankas\u0131Finans BankYap\u0131 Kredi Bankas\u0131Ko\u00e7 BankAk BankHsbc BakAnadolu FinansCiti BankYa\u015far BankOthersSararDuruK\u00fctahya PorselenSony EricssonABBSansetTelsimTurkcellHotelsDedeman Hotels & Resorts InternationaAntalya Falez Hotel\u0130stanbul Shreoten HotelsMersin HiltonSwiss HotelsThe Marmara HotelsM\u00f6venbick HotelsOthersTemsaEnka\u0130stikbalBellonaYata\u015fKristal zeytin ya\u011flar\u0131Aksa Jenerat\u00f6rAbdio\u011fullar\u0131Delta PetrolChevroletAlfa romeoPegasus GroupAk\u00e7ansaSchneider ElectiricSabri \u00d6zelMarks&SpencerG.A.P","robots":{"index":"index","follow":"follow","max-snippet":"max-snippet:-1","max-image-preview":"max-image-preview:large","max-video-preview":"max-video-preview:-1"},"canonical":"https:\/\/censanreklam.com\/en\/references\/","og_locale":"en_GB","og_type":"article","og_title":"References - Censanreklam","og_description":"MORE THAN 500 NATIONAL and INTERNATIONAL COMPANIES are WORKING WITH 1979Migros telecel METRO Tesisat \u0130kea Ar\u00e7elikSheraton Yurti\u00e7i Cargo YKM Turkcell Turkish Airlines TitanicZorlu Grand Hotel \u015eok SunExpress \u00c7evir T\u00fcrkiye \u0130\u015f Bankas\u0131 WindOpet Boyner Medical Park Bazaar Store fit Yap\u0131 KrediYarg\u0131c\u0131 Ramstore Garanti LC Waikiki Chico KogKia Michelin Komili Jeep K\u0131\u011f\u0131l\u0131 H\u00fcrriyetfacebook T Tunisian Telecom damat D&R Conrad Hotels & Resort Electro WorldBETA Sarar Flormar be\u011fendik cinematixAllianz Aksa \u00c7a\u011fda\u015f Aygaz Beymen vodafone Amerikan HastanesiAhlatc\u0131lar AKSigorta Volvo Digit\u00fcrk Borusan PirelliRamada Woolz Ted Levi's FinansbankGAP Anek Lines HDI Medline CliniqueF\u0130BA Group Park Bravo gencallar DockersMercedes-Benz Marks & Spencer Sinpa\u015f \u0130pekyolSetur TWIST Groseri Nokia\u0130stanbul Bilgi \u00dcniversitesi Ford varan A Few of Our International ReferencesPhilipp MorrisCamelVisa CardMaster CardRenaultMilde SorteQuelques-unes de nos r\u00e9f\u00e9rences nationalesBanquesT\u00fcrkiye \u0130\u015f Bankas\u0131T\u00fcrkiye Garanti Bankas\u0131Finans BankYap\u0131 Kredi Bankas\u0131Ko\u00e7 BankAk BankHsbc BakAnadolu FinansCiti BankYa\u015far BankOthersSararDuruK\u00fctahya PorselenSony EricssonABBSansetTelsimTurkcellHotelsDedeman Hotels & Resorts InternationaAntalya Falez Hotel\u0130stanbul Shreoten HotelsMersin HiltonSwiss HotelsThe Marmara HotelsM\u00f6venbick HotelsOthersTemsaEnka\u0130stikbalBellonaYata\u015fKristal zeytin ya\u011flar\u0131Aksa Jenerat\u00f6rAbdio\u011fullar\u0131Delta PetrolChevroletAlfa romeoPegasus GroupAk\u00e7ansaSchneider ElectiricSabri \u00d6zelMarks&SpencerG.A.P","og_url":"https:\/\/censanreklam.com\/en\/references\/","og_site_name":"Censanreklam","article_modified_time":"2025-01-20T09:33:18+00:00","og_image":[{"width":1191,"height":595,"url":"https:\/\/censanreklam.com\/en\/wp-content\/uploads\/2024\/12\/referances.png","type":"image\/png"}],"twitter_card":"summary_large_image","twitter_misc":{"Estimated reading time":"1 minute"},"schema":{"@context":"https:\/\/schema.org","@graph":[{"@type":"WebPage","@id":"https:\/\/censanreklam.com\/en\/references\/","url":"https:\/\/censanreklam.com\/en\/references\/","name":"References - Censanreklam","isPartOf":{"@id":"https:\/\/censanreklam.com\/en\/#website"},"primaryImageOfPage":{"@id":"https:\/\/censanreklam.com\/en\/references\/#primaryimage"},"image":{"@id":"https:\/\/censanreklam.com\/en\/references\/#primaryimage"},"thumbnailUrl":"https:\/\/censanreklam.com\/en\/wp-content\/uploads\/2024\/12\/referances-1024x512.png","datePublished":"2024-12-06T04:01:37+00:00","dateModified":"2025-01-20T09:33:18+00:00","description":"MORE THAN 500 NATIONAL and INTERNATIONAL COMPANIES are WORKING WITH 1979Migros telecel METRO Tesisat \u0130kea Ar\u00e7elikSheraton Yurti\u00e7i Cargo YKM Turkcell Turkish Airlines TitanicZorlu Grand Hotel \u015eok SunExpress \u00c7evir T\u00fcrkiye \u0130\u015f Bankas\u0131 WindOpet Boyner Medical Park Bazaar Store fit Yap\u0131 KrediYarg\u0131c\u0131 Ramstore Garanti LC Waikiki Chico KogKia Michelin Komili Jeep K\u0131\u011f\u0131l\u0131 H\u00fcrriyetfacebook T Tunisian Telecom damat D&R Conrad Hotels & Resort Electro WorldBETA Sarar Flormar be\u011fendik cinematixAllianz Aksa \u00c7a\u011fda\u015f Aygaz Beymen vodafone Amerikan HastanesiAhlatc\u0131lar AKSigorta Volvo Digit\u00fcrk Borusan PirelliRamada Woolz Ted Levi's FinansbankGAP Anek Lines HDI Medline CliniqueF\u0130BA Group Park Bravo gencallar DockersMercedes-Benz Marks & Spencer Sinpa\u015f \u0130pekyolSetur TWIST Groseri Nokia\u0130stanbul Bilgi \u00dcniversitesi Ford varan A Few of Our International ReferencesPhilipp MorrisCamelVisa CardMaster CardRenaultMilde SorteQuelques-unes de nos r\u00e9f\u00e9rences nationalesBanquesT\u00fcrkiye \u0130\u015f Bankas\u0131T\u00fcrkiye Garanti Bankas\u0131Finans BankYap\u0131 Kredi Bankas\u0131Ko\u00e7 BankAk BankHsbc BakAnadolu FinansCiti BankYa\u015far BankOthersSararDuruK\u00fctahya PorselenSony EricssonABBSansetTelsimTurkcellHotelsDedeman Hotels & Resorts InternationaAntalya Falez Hotel\u0130stanbul Shreoten HotelsMersin HiltonSwiss HotelsThe Marmara HotelsM\u00f6venbick HotelsOthersTemsaEnka\u0130stikbalBellonaYata\u015fKristal zeytin ya\u011flar\u0131Aksa Jenerat\u00f6rAbdio\u011fullar\u0131Delta PetrolChevroletAlfa romeoPegasus GroupAk\u00e7ansaSchneider ElectiricSabri \u00d6zelMarks&SpencerG.A.P","breadcrumb":{"@id":"https:\/\/censanreklam.com\/en\/references\/#breadcrumb"},"inLanguage":"en-GB","potentialAction":[{"@type":"ReadAction","target":["https:\/\/censanreklam.com\/en\/references\/"]}]},{"@type":"ImageObject","inLanguage":"en-GB","@id":"https:\/\/censanreklam.com\/en\/references\/#primaryimage","url":"https:\/\/censanreklam.com\/en\/wp-content\/uploads\/2024\/12\/referances.png","contentUrl":"https:\/\/censanreklam.com\/en\/wp-content\/uploads\/2024\/12\/referances.png","width":1191,"height":595},{"@type":"BreadcrumbList","@id":"https:\/\/censanreklam.com\/en\/references\/#breadcrumb","itemListElement":[{"@type":"ListItem","position":1,"name":"Anasayfa","item":"https:\/\/censanreklam.com\/en\/"},{"@type":"ListItem","position":2,"name":"References"}]},{"@type":"WebSite","@id":"https:\/\/censanreklam.com\/en\/#website","url":"https:\/\/censanreklam.com\/en\/","name":"Censanreklam","description":"Y\u0131llar\u0131n Deneyimiyle G\u00fc\u00e7lu ve Karal\u0131","publisher":{"@id":"https:\/\/censanreklam.com\/en\/#organization"},"potentialAction":[{"@type":"SearchAction","target":{"@type":"EntryPoint","urlTemplate":"https:\/\/censanreklam.com\/en\/?s={search_term_string}"},"query-input":{"@type":"PropertyValueSpecification","valueRequired":true,"valueName":"search_term_string"}}],"inLanguage":"en-GB"},{"@type":"Organization","@id":"https:\/\/censanreklam.com\/en\/#organization","name":"Censanreklam","url":"https:\/\/censanreklam.com\/en\/","logo":{"@type":"ImageObject","inLanguage":"en-GB","@id":"https:\/\/censanreklam.com\/en\/#\/schema\/logo\/image\/","url":"https:\/\/censanreklam.com\/en\/wp-content\/uploads\/2024\/11\/censan.png","contentUrl":"https:\/\/censanreklam.com\/en\/wp-content\/uploads\/2024\/11\/censan.png","width":697,"height":213,"caption":"Censanreklam"},"image":{"@id":"https:\/\/censanreklam.com\/en\/#\/schema\/logo\/image\/"}}]}},"jetpack_sharing_enabled":true,"_links":{"self":[{"href":"https:\/\/censanreklam.com\/en\/wp-json\/wp\/v2\/pages\/1326","targetHints":{"allow":["GET"]}}],"collection":[{"href":"https:\/\/censanreklam.com\/en\/wp-json\/wp\/v2\/pages"}],"about":[{"href":"https:\/\/censanreklam.com\/en\/wp-json\/wp\/v2\/types\/page"}],"author":[{"embeddable":true,"href":"https:\/\/censanreklam.com\/en\/wp-json\/wp\/v2\/users\/1"}],"replies":[{"embeddable":true,"href":"https:\/\/censanreklam.com\/en\/wp-json\/wp\/v2\/comments?post=1326"}],"version-history":[{"count":12,"href":"https:\/\/censanreklam.com\/en\/wp-json\/wp\/v2\/pages\/1326\/revisions"}],"predecessor-version":[{"id":1651,"href":"https:\/\/censanreklam.com\/en\/wp-json\/wp\/v2\/pages\/1326\/revisions\/1651"}],"wp:attachment":[{"href":"https:\/\/censanreklam.com\/en\/wp-json\/wp\/v2\/media?parent=1326"}],"curies":[{"name":"wp","href":"https:\/\/api.w.org\/{rel}","templated":true}]}}