{"id":1023,"date":"2024-11-25T17:04:33","date_gmt":"2024-11-25T17:04:33","guid":{"rendered":"https:\/\/censanreklam.com\/en\/?page_id=1023"},"modified":"2025-01-20T09:31:49","modified_gmt":"2025-01-20T09:31:49","slug":"dalaman-airport","status":"publish","type":"page","link":"https:\/\/censanreklam.com\/en\/dalaman-airport\/","title":{"rendered":"Dalaman Airport"},"content":{"rendered":"\n<div class=\"wp-block-cover alignfull\" style=\"min-height:300px;aspect-ratio:unset;\"><span aria-hidden=\"true\" class=\"wp-block-cover__background has-nv-site-bg-background-color has-background-dim-100 has-background-dim\"><\/span><div class=\"wp-block-cover__inner-container is-layout-flow wp-block-cover-is-layout-flow\">\n<div class=\"wp-block-group\" style=\"padding-right:var(--wp--preset--spacing--30);padding-left:var(--wp--preset--spacing--30)\"><div class=\"wp-block-group__inner-container is-layout-flow wp-block-group-is-layout-flow\">\n<h1 class=\"wp-block-heading has-text-align-left has-neve-text-color-color has-text-color\"><strong><strong>Dalaman Airport<\/strong><\/strong><\/h1>\n<\/div><\/div>\n<\/div><\/div>\n\n\n\n<h5 class=\"wp-block-heading\">Our billboards at Dalaman Airport are located in the domestic terminal&#8217;s arrival hall, above the baggage claim conveyors, and on the side walls of the baggage conveyors. These billboards are fixed and internally illuminated.<\/h5>\n\n\n\n<div class=\"wp-block-cover alignfull\" style=\"min-height:600px;aspect-ratio:unset;\"><span aria-hidden=\"true\" class=\"wp-block-cover__background has-nv-light-bg-background-color has-background-dim-100 has-background-dim\"><\/span><div class=\"wp-block-cover__inner-container is-layout-flow wp-block-cover-is-layout-flow\">\n<div class=\"wp-block-group\"><div class=\"wp-block-group__inner-container is-layout-flow wp-block-group-is-layout-flow\">\n<div style=\"height:80px\" aria-hidden=\"true\" class=\"wp-block-spacer\"><\/div>\n\n\n\n<div class=\"wp-block-columns are-vertically-aligned-center is-layout-flex wp-container-core-columns-is-layout-9d6595d7 wp-block-columns-is-layout-flex\">\n<div class=\"wp-block-column is-vertically-aligned-center is-layout-flow wp-block-column-is-layout-flow\" style=\"padding-right:var(--wp--preset--spacing--30);padding-left:var(--wp--preset--spacing--30);flex-basis:50%\"><div class=\"wp-block-image\">\n<figure class=\"aligncenter size-full is-resized has-custom-border\"><img loading=\"lazy\" decoding=\"async\" width=\"300\" height=\"225\" src=\"https:\/\/censanreklam.com\/en\/wp-content\/uploads\/2024\/12\/22.07.2007-166-300x225-1.jpg\" alt=\"\" class=\"wp-image-1640\" style=\"border-radius:24px;width:559px;height:auto\"\/><\/figure>\n<\/div>\n\n\n<p><\/p>\n\n\n<div class=\"wp-block-image\">\n<figure class=\"aligncenter size-full is-resized has-custom-border\"><img loading=\"lazy\" decoding=\"async\" width=\"350\" height=\"263\" src=\"https:\/\/censanreklam.com\/en\/wp-content\/uploads\/2024\/11\/dalaman-ic-gelis-akbank.jpg\" alt=\"\" class=\"wp-image-1026\" style=\"border-radius:24px;width:559px;height:auto\" srcset=\"https:\/\/censanreklam.com\/en\/wp-content\/uploads\/2024\/11\/dalaman-ic-gelis-akbank.jpg 350w, https:\/\/censanreklam.com\/en\/wp-content\/uploads\/2024\/11\/dalaman-ic-gelis-akbank-300x225.jpg 300w\" sizes=\"auto, (max-width: 350px) 100vw, 350px\" \/><\/figure>\n<\/div><\/div>\n\n\n\n<div class=\"wp-block-column is-vertically-aligned-center is-layout-flow wp-block-column-is-layout-flow\" style=\"padding-right:var(--wp--preset--spacing--30);padding-left:var(--wp--preset--spacing--30);flex-basis:50%\"><div class=\"wp-block-image\">\n<figure class=\"aligncenter size-full is-resized has-custom-border\"><img loading=\"lazy\" decoding=\"async\" width=\"350\" height=\"263\" src=\"https:\/\/censanreklam.com\/en\/wp-content\/uploads\/2024\/12\/22.07.2007-170.jpg\" alt=\"\" class=\"wp-image-1641\" style=\"border-radius:24px;width:559px;height:auto\" srcset=\"https:\/\/censanreklam.com\/en\/wp-content\/uploads\/2024\/12\/22.07.2007-170.jpg 350w, https:\/\/censanreklam.com\/en\/wp-content\/uploads\/2024\/12\/22.07.2007-170-300x225.jpg 300w\" sizes=\"auto, (max-width: 350px) 100vw, 350px\" \/><\/figure>\n<\/div>\n\n\n<p><\/p>\n\n\n<div class=\"wp-block-image\">\n<figure class=\"aligncenter size-full is-resized has-custom-border\"><img loading=\"lazy\" decoding=\"async\" width=\"350\" height=\"263\" src=\"https:\/\/censanreklam.com\/en\/wp-content\/uploads\/2024\/12\/PIC_0031.jpg\" alt=\"\" class=\"wp-image-1642\" style=\"border-radius:24px;width:559px;height:auto\" srcset=\"https:\/\/censanreklam.com\/en\/wp-content\/uploads\/2024\/12\/PIC_0031.jpg 350w, https:\/\/censanreklam.com\/en\/wp-content\/uploads\/2024\/12\/PIC_0031-300x225.jpg 300w\" sizes=\"auto, (max-width: 350px) 100vw, 350px\" \/><\/figure>\n<\/div><\/div>\n<\/div>\n<\/div><\/div>\n<\/div><\/div>\n","protected":false},"excerpt":{"rendered":"<p>Our billboards at Dalaman Airport are located in the domestic terminal&#8217;s arrival hall, above the baggage claim conveyors, and on the side walls of the baggage conveyors. These billboards are fixed and internally illuminated.<\/p>\n","protected":false},"author":1,"featured_media":0,"parent":0,"menu_order":0,"comment_status":"closed","ping_status":"closed","template":"","meta":{"neve_meta_sidebar":"full-width","neve_meta_container":"","neve_meta_enable_content_width":"on","neve_meta_content_width":100,"neve_meta_title_alignment":"","neve_meta_author_avatar":"","neve_post_elements_order":"","neve_meta_disable_header":"","neve_meta_disable_footer":"","neve_meta_disable_title":"on","neve_meta_reading_time":"","_themeisle_gutenberg_block_has_review":false,"footnotes":""},"class_list":["post-1023","page","type-page","status-publish","hentry"],"yoast_head":"<!-- This site is optimized with the Yoast SEO plugin v27.2 - https:\/\/yoast.com\/product\/yoast-seo-wordpress\/ -->\n<title>Dalaman Airport - Censanreklam<\/title>\n<meta name=\"description\" content=\"Our billboards at Dalaman Airport are located in the domestic terminal&#039;s arrival hall, above the baggage claim conveyors, and on the side walls of the baggage conveyors. These billboards are fixed and internally illuminated.\" \/>\n<meta name=\"robots\" content=\"index, follow, max-snippet:-1, max-image-preview:large, max-video-preview:-1\" \/>\n<link rel=\"canonical\" href=\"https:\/\/censanreklam.com\/en\/dalaman-airport\/\" \/>\n<meta property=\"og:locale\" content=\"en_GB\" \/>\n<meta property=\"og:type\" content=\"article\" \/>\n<meta property=\"og:title\" content=\"Dalaman Airport - Censanreklam\" \/>\n<meta property=\"og:description\" content=\"Our billboards at Dalaman Airport are located in the domestic terminal&#039;s arrival hall, above the baggage claim conveyors, and on the side walls of the baggage conveyors. These billboards are fixed and internally illuminated.\" \/>\n<meta property=\"og:url\" content=\"https:\/\/censanreklam.com\/en\/dalaman-airport\/\" \/>\n<meta property=\"og:site_name\" content=\"Censanreklam\" \/>\n<meta property=\"article:modified_time\" content=\"2025-01-20T09:31:49+00:00\" \/>\n<meta property=\"og:image\" content=\"https:\/\/censanreklam.com\/en\/wp-content\/uploads\/2024\/12\/22.07.2007-166-300x225-1.jpg\" \/>\n\t<meta property=\"og:image:width\" content=\"300\" \/>\n\t<meta property=\"og:image:height\" content=\"225\" \/>\n\t<meta property=\"og:image:type\" content=\"image\/jpeg\" \/>\n<meta name=\"twitter:card\" content=\"summary_large_image\" \/>\n<meta name=\"twitter:label1\" content=\"Estimated reading time\" \/>\n\t<meta name=\"twitter:data1\" content=\"1 minute\" \/>\n<script type=\"application\/ld+json\" class=\"yoast-schema-graph\">{\"@context\":\"https:\/\/schema.org\",\"@graph\":[{\"@type\":\"WebPage\",\"@id\":\"https:\/\/censanreklam.com\/en\/dalaman-airport\/\",\"url\":\"https:\/\/censanreklam.com\/en\/dalaman-airport\/\",\"name\":\"Dalaman Airport - Censanreklam\",\"isPartOf\":{\"@id\":\"https:\/\/censanreklam.com\/en\/#website\"},\"primaryImageOfPage\":{\"@id\":\"https:\/\/censanreklam.com\/en\/dalaman-airport\/#primaryimage\"},\"image\":{\"@id\":\"https:\/\/censanreklam.com\/en\/dalaman-airport\/#primaryimage\"},\"thumbnailUrl\":\"https:\/\/censanreklam.com\/en\/wp-content\/uploads\/2024\/12\/22.07.2007-166-300x225-1.jpg\",\"datePublished\":\"2024-11-25T17:04:33+00:00\",\"dateModified\":\"2025-01-20T09:31:49+00:00\",\"description\":\"Our billboards at Dalaman Airport are located in the domestic terminal's arrival hall, above the baggage claim conveyors, and on the side walls of the baggage conveyors. These billboards are fixed and internally illuminated.\",\"breadcrumb\":{\"@id\":\"https:\/\/censanreklam.com\/en\/dalaman-airport\/#breadcrumb\"},\"inLanguage\":\"en-GB\",\"potentialAction\":[{\"@type\":\"ReadAction\",\"target\":[\"https:\/\/censanreklam.com\/en\/dalaman-airport\/\"]}]},{\"@type\":\"ImageObject\",\"inLanguage\":\"en-GB\",\"@id\":\"https:\/\/censanreklam.com\/en\/dalaman-airport\/#primaryimage\",\"url\":\"https:\/\/censanreklam.com\/en\/wp-content\/uploads\/2024\/12\/22.07.2007-166-300x225-1.jpg\",\"contentUrl\":\"https:\/\/censanreklam.com\/en\/wp-content\/uploads\/2024\/12\/22.07.2007-166-300x225-1.jpg\",\"width\":300,\"height\":225},{\"@type\":\"BreadcrumbList\",\"@id\":\"https:\/\/censanreklam.com\/en\/dalaman-airport\/#breadcrumb\",\"itemListElement\":[{\"@type\":\"ListItem\",\"position\":1,\"name\":\"Anasayfa\",\"item\":\"https:\/\/censanreklam.com\/en\/\"},{\"@type\":\"ListItem\",\"position\":2,\"name\":\"Dalaman Airport\"}]},{\"@type\":\"WebSite\",\"@id\":\"https:\/\/censanreklam.com\/en\/#website\",\"url\":\"https:\/\/censanreklam.com\/en\/\",\"name\":\"Censanreklam\",\"description\":\"Y\u0131llar\u0131n Deneyimiyle G\u00fc\u00e7lu ve Karal\u0131\",\"publisher\":{\"@id\":\"https:\/\/censanreklam.com\/en\/#organization\"},\"potentialAction\":[{\"@type\":\"SearchAction\",\"target\":{\"@type\":\"EntryPoint\",\"urlTemplate\":\"https:\/\/censanreklam.com\/en\/?s={search_term_string}\"},\"query-input\":{\"@type\":\"PropertyValueSpecification\",\"valueRequired\":true,\"valueName\":\"search_term_string\"}}],\"inLanguage\":\"en-GB\"},{\"@type\":\"Organization\",\"@id\":\"https:\/\/censanreklam.com\/en\/#organization\",\"name\":\"Censanreklam\",\"url\":\"https:\/\/censanreklam.com\/en\/\",\"logo\":{\"@type\":\"ImageObject\",\"inLanguage\":\"en-GB\",\"@id\":\"https:\/\/censanreklam.com\/en\/#\/schema\/logo\/image\/\",\"url\":\"https:\/\/censanreklam.com\/en\/wp-content\/uploads\/2024\/11\/censan.png\",\"contentUrl\":\"https:\/\/censanreklam.com\/en\/wp-content\/uploads\/2024\/11\/censan.png\",\"width\":697,\"height\":213,\"caption\":\"Censanreklam\"},\"image\":{\"@id\":\"https:\/\/censanreklam.com\/en\/#\/schema\/logo\/image\/\"}}]}<\/script>\n<!-- \/ Yoast SEO plugin. -->","yoast_head_json":{"title":"Dalaman Airport - Censanreklam","description":"Our billboards at Dalaman Airport are located in the domestic terminal's arrival hall, above the baggage claim conveyors, and on the side walls of the baggage conveyors. These billboards are fixed and internally illuminated.","robots":{"index":"index","follow":"follow","max-snippet":"max-snippet:-1","max-image-preview":"max-image-preview:large","max-video-preview":"max-video-preview:-1"},"canonical":"https:\/\/censanreklam.com\/en\/dalaman-airport\/","og_locale":"en_GB","og_type":"article","og_title":"Dalaman Airport - Censanreklam","og_description":"Our billboards at Dalaman Airport are located in the domestic terminal's arrival hall, above the baggage claim conveyors, and on the side walls of the baggage conveyors. These billboards are fixed and internally illuminated.","og_url":"https:\/\/censanreklam.com\/en\/dalaman-airport\/","og_site_name":"Censanreklam","article_modified_time":"2025-01-20T09:31:49+00:00","og_image":[{"width":300,"height":225,"url":"https:\/\/censanreklam.com\/en\/wp-content\/uploads\/2024\/12\/22.07.2007-166-300x225-1.jpg","type":"image\/jpeg"}],"twitter_card":"summary_large_image","twitter_misc":{"Estimated reading time":"1 minute"},"schema":{"@context":"https:\/\/schema.org","@graph":[{"@type":"WebPage","@id":"https:\/\/censanreklam.com\/en\/dalaman-airport\/","url":"https:\/\/censanreklam.com\/en\/dalaman-airport\/","name":"Dalaman Airport - Censanreklam","isPartOf":{"@id":"https:\/\/censanreklam.com\/en\/#website"},"primaryImageOfPage":{"@id":"https:\/\/censanreklam.com\/en\/dalaman-airport\/#primaryimage"},"image":{"@id":"https:\/\/censanreklam.com\/en\/dalaman-airport\/#primaryimage"},"thumbnailUrl":"https:\/\/censanreklam.com\/en\/wp-content\/uploads\/2024\/12\/22.07.2007-166-300x225-1.jpg","datePublished":"2024-11-25T17:04:33+00:00","dateModified":"2025-01-20T09:31:49+00:00","description":"Our billboards at Dalaman Airport are located in the domestic terminal's arrival hall, above the baggage claim conveyors, and on the side walls of the baggage conveyors. These billboards are fixed and internally illuminated.","breadcrumb":{"@id":"https:\/\/censanreklam.com\/en\/dalaman-airport\/#breadcrumb"},"inLanguage":"en-GB","potentialAction":[{"@type":"ReadAction","target":["https:\/\/censanreklam.com\/en\/dalaman-airport\/"]}]},{"@type":"ImageObject","inLanguage":"en-GB","@id":"https:\/\/censanreklam.com\/en\/dalaman-airport\/#primaryimage","url":"https:\/\/censanreklam.com\/en\/wp-content\/uploads\/2024\/12\/22.07.2007-166-300x225-1.jpg","contentUrl":"https:\/\/censanreklam.com\/en\/wp-content\/uploads\/2024\/12\/22.07.2007-166-300x225-1.jpg","width":300,"height":225},{"@type":"BreadcrumbList","@id":"https:\/\/censanreklam.com\/en\/dalaman-airport\/#breadcrumb","itemListElement":[{"@type":"ListItem","position":1,"name":"Anasayfa","item":"https:\/\/censanreklam.com\/en\/"},{"@type":"ListItem","position":2,"name":"Dalaman Airport"}]},{"@type":"WebSite","@id":"https:\/\/censanreklam.com\/en\/#website","url":"https:\/\/censanreklam.com\/en\/","name":"Censanreklam","description":"Y\u0131llar\u0131n Deneyimiyle G\u00fc\u00e7lu ve Karal\u0131","publisher":{"@id":"https:\/\/censanreklam.com\/en\/#organization"},"potentialAction":[{"@type":"SearchAction","target":{"@type":"EntryPoint","urlTemplate":"https:\/\/censanreklam.com\/en\/?s={search_term_string}"},"query-input":{"@type":"PropertyValueSpecification","valueRequired":true,"valueName":"search_term_string"}}],"inLanguage":"en-GB"},{"@type":"Organization","@id":"https:\/\/censanreklam.com\/en\/#organization","name":"Censanreklam","url":"https:\/\/censanreklam.com\/en\/","logo":{"@type":"ImageObject","inLanguage":"en-GB","@id":"https:\/\/censanreklam.com\/en\/#\/schema\/logo\/image\/","url":"https:\/\/censanreklam.com\/en\/wp-content\/uploads\/2024\/11\/censan.png","contentUrl":"https:\/\/censanreklam.com\/en\/wp-content\/uploads\/2024\/11\/censan.png","width":697,"height":213,"caption":"Censanreklam"},"image":{"@id":"https:\/\/censanreklam.com\/en\/#\/schema\/logo\/image\/"}}]}},"jetpack_sharing_enabled":true,"_links":{"self":[{"href":"https:\/\/censanreklam.com\/en\/wp-json\/wp\/v2\/pages\/1023","targetHints":{"allow":["GET"]}}],"collection":[{"href":"https:\/\/censanreklam.com\/en\/wp-json\/wp\/v2\/pages"}],"about":[{"href":"https:\/\/censanreklam.com\/en\/wp-json\/wp\/v2\/types\/page"}],"author":[{"embeddable":true,"href":"https:\/\/censanreklam.com\/en\/wp-json\/wp\/v2\/users\/1"}],"replies":[{"embeddable":true,"href":"https:\/\/censanreklam.com\/en\/wp-json\/wp\/v2\/comments?post=1023"}],"version-history":[{"count":6,"href":"https:\/\/censanreklam.com\/en\/wp-json\/wp\/v2\/pages\/1023\/revisions"}],"predecessor-version":[{"id":1644,"href":"https:\/\/censanreklam.com\/en\/wp-json\/wp\/v2\/pages\/1023\/revisions\/1644"}],"wp:attachment":[{"href":"https:\/\/censanreklam.com\/en\/wp-json\/wp\/v2\/media?parent=1023"}],"curies":[{"name":"wp","href":"https:\/\/api.w.org\/{rel}","templated":true}]}}